{"id":41,"date":"2024-09-30T11:52:46","date_gmt":"2024-09-30T09:52:46","guid":{"rendered":"https:\/\/lamarmotteenbalade.com\/?page_id=41"},"modified":"2026-02-21T14:16:06","modified_gmt":"2026-02-21T13:16:06","slug":"41-2","status":"publish","type":"page","link":"https:\/\/lamarmotteenbalade.com\/index.php\/41-2\/","title":{"rendered":"Itin\u00e9rance"},"content":{"rendered":"<p>[et_pb_section fb_built=\u00a0\u00bb1&Prime; _builder_version=\u00a0\u00bb4.27.5&Prime; _module_preset=\u00a0\u00bbdefault\u00a0\u00bb background_color=\u00a0\u00bb#fdf7e3&Prime; global_colors_info=\u00a0\u00bb{}\u00a0\u00bb][et_pb_row _builder_version=\u00a0\u00bb4.27.5&Prime; _module_preset=\u00a0\u00bbdefault\u00a0\u00bb global_colors_info=\u00a0\u00bb{}\u00a0\u00bb][et_pb_column type=\u00a0\u00bb4_4&Prime; _builder_version=\u00a0\u00bb4.27.5&Prime; _module_preset=\u00a0\u00bbdefault\u00a0\u00bb global_colors_info=\u00a0\u00bb{}\u00a0\u00bb][et_pb_text _builder_version=\u00a0\u00bb4.27.5&Prime; _module_preset=\u00a0\u00bbdefault\u00a0\u00bb header_text_align=\u00a0\u00bbcenter\u00a0\u00bb header_font_size=\u00a0\u00bb47px\u00a0\u00bb global_colors_info=\u00a0\u00bb{}\u00a0\u00bb]<\/p>\n<h1>Partir avec la Marmotte &#8230; Une d\u00e9connexion qui reconnecte&#8230;<\/h1>\n<p>[\/et_pb_text][et_pb_text _builder_version=\u00a0\u00bb4.27.5&Prime; _module_preset=\u00a0\u00bbdefault\u00a0\u00bb text_font=\u00a0\u00bb||on||||||\u00a0\u00bb text_font_size=\u00a0\u00bb20px\u00a0\u00bb text_line_height=\u00a0\u00bb1.8em\u00a0\u00bb global_colors_info=\u00a0\u00bb{}\u00a0\u00bb]<\/p>\n<p style=\"text-align: justify;\">Les s\u00e9jours de randonn\u00e9es en itin\u00e9rance propos\u00e9s ici sont une invitation \u00e0 la d\u00e9couverte des montagnes \u00e0 votre rythme, sac sur le dos, en immersion totale avec les milieux travers\u00e9s &#8230;.<\/p>\n<p>[\/et_pb_text][\/et_pb_column][\/et_pb_row][et_pb_row column_structure=\u00a0\u00bb1_3,1_3,1_3&Prime; _builder_version=\u00a0\u00bb4.27.5&Prime; _module_preset=\u00a0\u00bbdefault\u00a0\u00bb global_colors_info=\u00a0\u00bb{}\u00a0\u00bb][et_pb_column type=\u00a0\u00bb1_3&Prime; _builder_version=\u00a0\u00bb4.27.5&Prime; _module_preset=\u00a0\u00bbdefault\u00a0\u00bb global_colors_info=\u00a0\u00bb{}\u00a0\u00bb][et_pb_image src=\u00a0\u00bbhttp:\/\/lamarmotteenbalade.com\/wp-content\/uploads\/2026\/02\/WhatsApp-Image-2025-10-21-at-18.20.25.jpeg\u00a0\u00bb title_text=\u00a0\u00bbWhatsApp Image 2025-10-21 at 18.20.25&Prime; _builder_version=\u00a0\u00bb4.27.5&Prime; _module_preset=\u00a0\u00bbdefault\u00a0\u00bb border_radii=\u00a0\u00bboff|20px|20px||\u00a0\u00bb global_colors_info=\u00a0\u00bb{}\u00a0\u00bb][\/et_pb_image][et_pb_text _builder_version=\u00a0\u00bb4.27.5&Prime; _module_preset=\u00a0\u00bbdefault\u00a0\u00bb header_font=\u00a0\u00bb|700|||||||\u00a0\u00bb header_4_font=\u00a0\u00bb|700|||||||\u00a0\u00bb header_4_line_height=\u00a0\u00bb1.3em\u00a0\u00bb background_color=\u00a0\u00bb#fff2cc\u00a0\u00bb custom_margin=\u00a0\u00bb-30px||||false|false\u00a0\u00bb custom_padding=\u00a0\u00bb10px|10px|10px|10px|false|false\u00a0\u00bb global_colors_info=\u00a0\u00bb{}\u00a0\u00bb]<\/p>\n<h4>Les Aravis en \u00e9toile \u2013 entre histoire et nature <em>(Haute Savoie)<\/em>\u00a0<\/h4>\n<p>[\/et_pb_text][et_pb_text _builder_version=\u00a0\u00bb4.27.5&Prime; _module_preset=\u00a0\u00bbdefault\u00a0\u00bb header_font=\u00a0\u00bb|700|||||||\u00a0\u00bb header_4_font=\u00a0\u00bb|700|||||||\u00a0\u00bb header_4_line_height=\u00a0\u00bb1.3em\u00a0\u00bb background_color=\u00a0\u00bb#fff2cc\u00a0\u00bb custom_margin=\u00a0\u00bb-30px||||false|false\u00a0\u00bb custom_padding=\u00a0\u00bb10px|10px|10px|10px|false|false\u00a0\u00bb global_colors_info=\u00a0\u00bb{}\u00a0\u00bb]<\/p>\n<p style=\"text-align: justify;\">S\u00e9jouren \u00e9toile depuis un h\u00e9bergement confortable au coeur du massif des Aravis. Chaque jour, une randonn\u00e9e sur un secteur diff\u00e9rent pour d\u00e9couvrir\u00a0 ses montagnes si embl\u00e9matiques\u2026 entre alpages et villages\u2026\u00a0<\/p>\n<p>&nbsp;<\/p>\n<p><strong>Niveau<\/strong> : facile \u00e0 mod\u00e9r\u00e9<\/p>\n<p><strong>Dur\u00e9e<\/strong> : 4 jours<\/p>\n<p>[\/et_pb_text][\/et_pb_column][et_pb_column type=\u00a0\u00bb1_3&Prime; _builder_version=\u00a0\u00bb4.27.5&Prime; _module_preset=\u00a0\u00bbdefault\u00a0\u00bb global_colors_info=\u00a0\u00bb{}\u00a0\u00bb][et_pb_image src=\u00a0\u00bbhttp:\/\/lamarmotteenbalade.com\/wp-content\/uploads\/2026\/02\/WhatsApp-Image-2025-10-21-at-18.37.42.jpeg\u00a0\u00bb title_text=\u00a0\u00bbWhatsApp Image 2025-10-21 at 18.37.42&Prime; _builder_version=\u00a0\u00bb4.27.5&Prime; _module_preset=\u00a0\u00bbdefault\u00a0\u00bb border_radii=\u00a0\u00bboff|20px|20px||\u00a0\u00bb global_colors_info=\u00a0\u00bb{}\u00a0\u00bb][\/et_pb_image][et_pb_text _builder_version=\u00a0\u00bb4.27.5&Prime; _module_preset=\u00a0\u00bbdefault\u00a0\u00bb header_font=\u00a0\u00bb|700|||||||\u00a0\u00bb header_4_font=\u00a0\u00bb|700|||||||\u00a0\u00bb header_4_line_height=\u00a0\u00bb1.3em\u00a0\u00bb background_color=\u00a0\u00bb#fff2cc\u00a0\u00bb custom_margin=\u00a0\u00bb-30px||||false|false\u00a0\u00bb custom_padding=\u00a0\u00bb10px|10px|10px|10px|false|false\u00a0\u00bb global_colors_info=\u00a0\u00bb{}\u00a0\u00bb]<\/p>\n<h4>Sommets du Cantal \u2013 le plus gros strato &#8211; volcan d\u2019Europe <em>(Cantal)<\/em><\/h4>\n<p>[\/et_pb_text][et_pb_text _builder_version=\u00a0\u00bb4.27.5&Prime; _module_preset=\u00a0\u00bbdefault\u00a0\u00bb header_font=\u00a0\u00bb|700|||||||\u00a0\u00bb header_4_font=\u00a0\u00bb|700|||||||\u00a0\u00bb header_4_line_height=\u00a0\u00bb1.3em\u00a0\u00bb background_color=\u00a0\u00bb#fff2cc\u00a0\u00bb custom_margin=\u00a0\u00bb-30px||||false|false\u00a0\u00bb custom_padding=\u00a0\u00bb10px|10px|10px|10px|false|false\u00a0\u00bb global_colors_info=\u00a0\u00bb{}\u00a0\u00bb]<\/p>\n<p style=\"text-align: justify;\">Itin\u00e9raire en boucle, o\u00f9 chaque jour est l\u2019occasion de d\u00e9couvrir une nouvelle vall\u00e9e fa\u00e7onn\u00e9e par le feu, la glace et le temps\u2026<br \/>Steppes de Mongolie, pentes aux reliefs alpins, vous voyagerez plus que vous ne le pensez.<\/p>\n<p style=\"text-align: justify;\">\n<p><strong>Niveau<\/strong> : mod\u00e9r\u00e9 \u00e0 soutenu<\/p>\n<p><strong>Dur\u00e9e<\/strong> : 4 jours et demi<\/p>\n<p>[\/et_pb_text][\/et_pb_column][et_pb_column type=\u00a0\u00bb1_3&Prime; _builder_version=\u00a0\u00bb4.27.5&Prime; _module_preset=\u00a0\u00bbdefault\u00a0\u00bb global_colors_info=\u00a0\u00bb{}\u00a0\u00bb][et_pb_image src=\u00a0\u00bbhttp:\/\/lamarmotteenbalade.com\/wp-content\/uploads\/2026\/02\/puy-de-comme-recoupe.jpg\u00a0\u00bb title_text=\u00a0\u00bbpuy de comme recoup\u00e9\u00a0\u00bb _builder_version=\u00a0\u00bb4.27.5&Prime; _module_preset=\u00a0\u00bbdefault\u00a0\u00bb border_radii=\u00a0\u00bboff|20px|20px||\u00a0\u00bb global_colors_info=\u00a0\u00bb{}\u00a0\u00bb][\/et_pb_image][et_pb_text _builder_version=\u00a0\u00bb4.27.5&Prime; _module_preset=\u00a0\u00bbdefault\u00a0\u00bb header_font=\u00a0\u00bb|700|||||||\u00a0\u00bb header_4_font=\u00a0\u00bb|700|||||||\u00a0\u00bb header_4_line_height=\u00a0\u00bb1.3em\u00a0\u00bb background_color=\u00a0\u00bb#fff2cc\u00a0\u00bb custom_margin=\u00a0\u00bb-30px||||false|false\u00a0\u00bb custom_padding=\u00a0\u00bb10px|10px|10px|10px|false|false\u00a0\u00bb global_colors_info=\u00a0\u00bb{}\u00a0\u00bb]<\/p>\n<h4>Travers\u00e9e de la cha\u00eene des Puys <em>(Puy &#8211; de &#8211; D\u00f4me)<\/em><\/h4>\n<p>[\/et_pb_text][et_pb_text _builder_version=\u00a0\u00bb4.27.5&Prime; _module_preset=\u00a0\u00bbdefault\u00a0\u00bb header_font=\u00a0\u00bb|700|||||||\u00a0\u00bb header_4_font=\u00a0\u00bb|700|||||||\u00a0\u00bb header_4_line_height=\u00a0\u00bb1.3em\u00a0\u00bb background_color=\u00a0\u00bb#fff2cc\u00a0\u00bb custom_margin=\u00a0\u00bb-30px||||false|false\u00a0\u00bb custom_padding=\u00a0\u00bb10px|10px|10px|10px|false|false\u00a0\u00bb global_colors_info=\u00a0\u00bb{}\u00a0\u00bb]<\/p>\n<p style=\"text-align: justify;\">Ici la vie de notre plan\u00e8te s&rsquo;exprime \u00e0 l&rsquo;air libre. Voyage qui suit la ligne de la faille de la Limagne et de ses chefs<br \/>d\u2019\u0153uvres \u00ab les Monts D\u00f4mes \u00bb, un ensemble volcanique extraordinaire de plus<br \/>de 80 \u00e9difices uniques en Europe.<\/p>\n<p style=\"text-align: justify;\">\n<p><strong>Niveau<\/strong> : facile \u00e0 mod\u00e9r\u00e9<\/p>\n<p><strong>Dur\u00e9e<\/strong> : 4 jours<\/p>\n<p>[\/et_pb_text][\/et_pb_column][\/et_pb_row][et_pb_row column_structure=\u00a0\u00bb1_2,1_2&Prime; _builder_version=\u00a0\u00bb4.27.5&Prime; _module_preset=\u00a0\u00bbdefault\u00a0\u00bb global_colors_info=\u00a0\u00bb{}\u00a0\u00bb][et_pb_column type=\u00a0\u00bb1_2&Prime; _builder_version=\u00a0\u00bb4.27.5&Prime; _module_preset=\u00a0\u00bbdefault\u00a0\u00bb global_colors_info=\u00a0\u00bb{}\u00a0\u00bb][et_pb_image src=\u00a0\u00bbhttp:\/\/lamarmotteenbalade.com\/wp-content\/uploads\/2026\/02\/WhatsApp-Image-2025-10-21-at-18.58.42.jpeg\u00a0\u00bb title_text=\u00a0\u00bbWhatsApp Image 2025-10-21 at 18.58.42&Prime; _builder_version=\u00a0\u00bb4.27.5&Prime; _module_preset=\u00a0\u00bbdefault\u00a0\u00bb border_radii=\u00a0\u00bboff|20px|20px||\u00a0\u00bb global_colors_info=\u00a0\u00bb{}\u00a0\u00bb][\/et_pb_image][et_pb_text _builder_version=\u00a0\u00bb4.27.5&Prime; _module_preset=\u00a0\u00bbdefault\u00a0\u00bb header_font=\u00a0\u00bb|700|||||||\u00a0\u00bb header_4_font=\u00a0\u00bb|700|||||||\u00a0\u00bb header_4_line_height=\u00a0\u00bb1.3em\u00a0\u00bb background_color=\u00a0\u00bb#fff2cc\u00a0\u00bb custom_margin=\u00a0\u00bb-30px||||false|false\u00a0\u00bb custom_padding=\u00a0\u00bb10px|10px|10px|10px|false|false\u00a0\u00bb global_colors_info=\u00a0\u00bb{}\u00a0\u00bb]<\/p>\n<h4>Un automne dans les \u00c9crins <em>(Hautes Alpes)<\/em><\/h4>\n<p>[\/et_pb_text][et_pb_text _builder_version=\u00a0\u00bb4.27.5&Prime; _module_preset=\u00a0\u00bbdefault\u00a0\u00bb header_font=\u00a0\u00bb|700|||||||\u00a0\u00bb header_4_font=\u00a0\u00bb|700|||||||\u00a0\u00bb header_4_line_height=\u00a0\u00bb1.3em\u00a0\u00bb background_color=\u00a0\u00bb#fff2cc\u00a0\u00bb custom_margin=\u00a0\u00bb-30px||||false|false\u00a0\u00bb custom_padding=\u00a0\u00bb10px|10px|10px|10px|false|false\u00a0\u00bb global_colors_info=\u00a0\u00bb{}\u00a0\u00bb]<\/p>\n<p style=\"text-align: justify;\">La montagne se pare de teintes flamboyantes \u00e0 la fin du mois d\u2019octobre.<br \/>Les premi\u00e8res neiges envahissent alpages et sommets, un formidable<br \/>patchwork de couleurs, loin des foules, seul(e) face \u00e0 la nature. S\u00e9jour en \u00e9toile au d\u00e9part de Puy-Saint-Vincent.<\/p>\n<p><strong>Niveau<\/strong> : mod\u00e9r\u00e9 \u00e0 soutenu<\/p>\n<p><strong>Dur\u00e9e<\/strong> : 4 jours<\/p>\n<p>[\/et_pb_text][\/et_pb_column][et_pb_column type=\u00a0\u00bb1_2&Prime; _builder_version=\u00a0\u00bb4.27.5&Prime; _module_preset=\u00a0\u00bbdefault\u00a0\u00bb global_colors_info=\u00a0\u00bb{}\u00a0\u00bb][et_pb_image src=\u00a0\u00bbhttp:\/\/lamarmotteenbalade.com\/wp-content\/uploads\/2026\/02\/Vosges-recoupe.png\u00a0\u00bb title_text=\u00a0\u00bbVosges recoup\u00e9\u00a0\u00bb _builder_version=\u00a0\u00bb4.27.5&Prime; _module_preset=\u00a0\u00bbdefault\u00a0\u00bb border_radii=\u00a0\u00bboff|20px|20px||\u00a0\u00bb global_colors_info=\u00a0\u00bb{}\u00a0\u00bb][\/et_pb_image][et_pb_text _builder_version=\u00a0\u00bb4.27.5&Prime; _module_preset=\u00a0\u00bbdefault\u00a0\u00bb header_font=\u00a0\u00bb|700|||||||\u00a0\u00bb header_4_font=\u00a0\u00bb|700|||||||\u00a0\u00bb header_4_line_height=\u00a0\u00bb1.3em\u00a0\u00bb background_color=\u00a0\u00bb#fff2cc\u00a0\u00bb custom_margin=\u00a0\u00bb-30px||||false|false\u00a0\u00bb custom_padding=\u00a0\u00bb10px|10px|10px|10px|false|false\u00a0\u00bb global_colors_info=\u00a0\u00bb{}\u00a0\u00bb]<\/p>\n<h4>Entre brises aux sommets des sapins et murmures de rivi\u00e8res, bienvenue dans les Vosges <em>(Vosges)<\/em><\/h4>\n<p>[\/et_pb_text][et_pb_text _builder_version=\u00a0\u00bb4.27.5&Prime; _module_preset=\u00a0\u00bbdefault\u00a0\u00bb header_font=\u00a0\u00bb|700|||||||\u00a0\u00bb header_4_font=\u00a0\u00bb|700|||||||\u00a0\u00bb header_4_line_height=\u00a0\u00bb1.3em\u00a0\u00bb background_color=\u00a0\u00bb#fff2cc\u00a0\u00bb custom_margin=\u00a0\u00bb-39px||||false|false\u00a0\u00bb custom_padding=\u00a0\u00bb0px|10px|10px|10px|false|false\u00a0\u00bb global_colors_info=\u00a0\u00bb{}\u00a0\u00bb]<\/p>\n<p style=\"text-align: justify;\">Au d\u00e9part de Xonrupt, ce s\u00e9jour vous emm\u00e8ne au c\u0153ur des Hautes-Vosges. Les sentiers cheminent entre lacs sombres, for\u00eats d\u2019altitude, v\u00e9ritables cath\u00e9drales v\u00e9g\u00e9tales et cr\u00eates nues balay\u00e9es par le vent. Une montagne de contrastes, tant\u00f4t douce, tant\u00f4t sauvage.<\/p>\n<p><strong>Niveau<\/strong> : mod\u00e9r\u00e9 \u00e0 soutenu<\/p>\n<p><strong>Dur\u00e9e<\/strong> : 5 jours<\/p>\n<p>[\/et_pb_text][\/et_pb_column][\/et_pb_row][et_pb_row _builder_version=\u00a0\u00bb4.27.5&Prime; _module_preset=\u00a0\u00bbdefault\u00a0\u00bb global_colors_info=\u00a0\u00bb{}\u00a0\u00bb][et_pb_column type=\u00a0\u00bb4_4&Prime; _builder_version=\u00a0\u00bb4.27.5&Prime; _module_preset=\u00a0\u00bbdefault\u00a0\u00bb global_colors_info=\u00a0\u00bb{}\u00a0\u00bb][et_pb_text _builder_version=\u00a0\u00bb4.27.5&Prime; _module_preset=\u00a0\u00bbdefault\u00a0\u00bb global_colors_info=\u00a0\u00bb{}\u00a0\u00bb]<\/p>\n<h2><strong>Informations importantes<\/strong><\/h2>\n<p>[\/et_pb_text][et_pb_text _builder_version=\u00a0\u00bb4.27.5&Prime; _module_preset=\u00a0\u00bbdefault\u00a0\u00bb global_colors_info=\u00a0\u00bb{}\u00a0\u00bb custom_padding=\u00a0\u00bb3px|||||\u00a0\u00bb]<\/p>\n<p><span style=\"text-decoration: underline;\">Le tarif des s\u00e9jours comprend<\/span> :<br \/>&#8211; la pr\u00e9paration du s\u00e9jour (travail sur carte, rep\u00e9rages terrain&#8230;)<br \/>&#8211; mon accompagnement, pour un montant de 300 \u20ac par jour et pour des groupes jusqu\u2019\u00e0 12 personnes<br \/>&#8211; une commission de 10 % sur les h\u00e9bergements, dont le montant d\u00e9pend du lieu de nuit\u00e9e et de son tarif, lui-m\u00eame fonction de la dur\u00e9e et de la difficult\u00e9 de l\u2019itin\u00e9raire choisi (si l&rsquo;itin\u00e9raire varie, les h\u00e9bergements aussi).<br \/>&#8211; le co\u00fbt des h\u00e9bergements<br \/>&#8211; le co\u00fbt des repas<\/p>\n<p><em>Pour plus d\u2019informations, veuillez me contacter en cliquant <a href=\"https:\/\/lamarmotteenbalade.com\/#contact\">sur ce lien<\/a>, je peux fournir un devis.<\/em><\/p>\n<p><strong>Nota Bene<\/strong> : v\u00e9rifier aupr\u00e8s de votre assureur si vous avez une responsabilit\u00e9 civile\/protection corporelle qui vous couvre dans le cadre de la pratique de la randonn\u00e9e, elle vous sera utile en cas d&rsquo;accident (blessures, rapatriement, prise en charge secours&#8230;). L&rsquo;assurance professionnelle de votre accompagnateur ne prend pas en charge ces frais.<\/p>\n<p><em><\/em><\/p>\n<p>[\/et_pb_text][\/et_pb_column][\/et_pb_row][\/et_pb_section]<\/p>\n","protected":false},"excerpt":{"rendered":"<p>Partir avec la Marmotte &#8230; Une d\u00e9connexion qui reconnecte&#8230;Les s\u00e9jours de randonn\u00e9es en itin\u00e9rance propos\u00e9s ici sont une invitation \u00e0 la d\u00e9couverte des montagnes \u00e0 votre rythme, sac sur le dos, en immersion totale avec les milieux travers\u00e9s &#8230;.Les Aravis en \u00e9toile \u2013 entre histoire et nature (Haute Savoie)\u00a0S\u00e9jouren \u00e9toile depuis un h\u00e9bergement confortable au [&hellip;]<\/p>\n","protected":false},"author":1,"featured_media":0,"parent":0,"menu_order":0,"comment_status":"closed","ping_status":"closed","template":"","meta":{"_et_pb_use_builder":"on","_et_pb_old_content":"","_et_gb_content_width":"","footnotes":""},"class_list":["post-41","page","type-page","status-publish","hentry"],"yoast_head":"<!-- This site is optimized with the Yoast SEO plugin v27.4 - https:\/\/yoast.com\/product\/yoast-seo-wordpress\/ -->\n<title>Itin\u00e9rance - La marmotte en balade<\/title>\n<meta name=\"robots\" content=\"index, follow, max-snippet:-1, max-image-preview:large, max-video-preview:-1\" \/>\n<link rel=\"canonical\" href=\"http:\/\/lamarmotteenbalade.com\/index.php\/41-2\/\" \/>\n<meta property=\"og:locale\" content=\"fr_FR\" \/>\n<meta property=\"og:type\" content=\"article\" \/>\n<meta property=\"og:title\" content=\"Itin\u00e9rance - La marmotte en balade\" \/>\n<meta property=\"og:description\" content=\"Partir avec la Marmotte ... Une d\u00e9connexion qui reconnecte...Les s\u00e9jours de randonn\u00e9es en itin\u00e9rance propos\u00e9s ici sont une invitation \u00e0 la d\u00e9couverte des montagnes \u00e0 votre rythme, sac sur le dos, en immersion totale avec les milieux travers\u00e9s ....Les Aravis en \u00e9toile \u2013 entre histoire et nature (Haute Savoie)\u00a0S\u00e9jouren \u00e9toile depuis un h\u00e9bergement confortable au [&hellip;]\" \/>\n<meta property=\"og:url\" content=\"http:\/\/lamarmotteenbalade.com\/index.php\/41-2\/\" \/>\n<meta property=\"og:site_name\" content=\"La marmotte en balade\" \/>\n<meta property=\"article:modified_time\" content=\"2026-02-21T13:16:06+00:00\" \/>\n<meta name=\"twitter:card\" content=\"summary_large_image\" \/>\n<meta name=\"twitter:label1\" content=\"Dur\u00e9e de lecture estim\u00e9e\" \/>\n\t<meta name=\"twitter:data1\" content=\"7 minutes\" \/>\n<script type=\"application\/ld+json\" class=\"yoast-schema-graph\">{\"@context\":\"https:\\\/\\\/schema.org\",\"@graph\":[{\"@type\":\"WebPage\",\"@id\":\"http:\\\/\\\/lamarmotteenbalade.com\\\/index.php\\\/41-2\\\/\",\"url\":\"http:\\\/\\\/lamarmotteenbalade.com\\\/index.php\\\/41-2\\\/\",\"name\":\"Itin\u00e9rance - La marmotte en balade\",\"isPartOf\":{\"@id\":\"https:\\\/\\\/lamarmotteenbalade.com\\\/#website\"},\"datePublished\":\"2024-09-30T09:52:46+00:00\",\"dateModified\":\"2026-02-21T13:16:06+00:00\",\"breadcrumb\":{\"@id\":\"http:\\\/\\\/lamarmotteenbalade.com\\\/index.php\\\/41-2\\\/#breadcrumb\"},\"inLanguage\":\"fr-FR\",\"potentialAction\":[{\"@type\":\"ReadAction\",\"target\":[\"http:\\\/\\\/lamarmotteenbalade.com\\\/index.php\\\/41-2\\\/\"]}]},{\"@type\":\"BreadcrumbList\",\"@id\":\"http:\\\/\\\/lamarmotteenbalade.com\\\/index.php\\\/41-2\\\/#breadcrumb\",\"itemListElement\":[{\"@type\":\"ListItem\",\"position\":1,\"name\":\"Accueil\",\"item\":\"https:\\\/\\\/lamarmotteenbalade.com\\\/\"},{\"@type\":\"ListItem\",\"position\":2,\"name\":\"Itin\u00e9rance\"}]},{\"@type\":\"WebSite\",\"@id\":\"https:\\\/\\\/lamarmotteenbalade.com\\\/#website\",\"url\":\"https:\\\/\\\/lamarmotteenbalade.com\\\/\",\"name\":\"La marmotte en balade\",\"description\":\"En avant !\",\"potentialAction\":[{\"@type\":\"SearchAction\",\"target\":{\"@type\":\"EntryPoint\",\"urlTemplate\":\"https:\\\/\\\/lamarmotteenbalade.com\\\/?s={search_term_string}\"},\"query-input\":{\"@type\":\"PropertyValueSpecification\",\"valueRequired\":true,\"valueName\":\"search_term_string\"}}],\"inLanguage\":\"fr-FR\"}]}<\/script>\n<!-- \/ Yoast SEO plugin. -->","yoast_head_json":{"title":"Itin\u00e9rance - La marmotte en balade","robots":{"index":"index","follow":"follow","max-snippet":"max-snippet:-1","max-image-preview":"max-image-preview:large","max-video-preview":"max-video-preview:-1"},"canonical":"http:\/\/lamarmotteenbalade.com\/index.php\/41-2\/","og_locale":"fr_FR","og_type":"article","og_title":"Itin\u00e9rance - La marmotte en balade","og_description":"Partir avec la Marmotte ... Une d\u00e9connexion qui reconnecte...Les s\u00e9jours de randonn\u00e9es en itin\u00e9rance propos\u00e9s ici sont une invitation \u00e0 la d\u00e9couverte des montagnes \u00e0 votre rythme, sac sur le dos, en immersion totale avec les milieux travers\u00e9s ....Les Aravis en \u00e9toile \u2013 entre histoire et nature (Haute Savoie)\u00a0S\u00e9jouren \u00e9toile depuis un h\u00e9bergement confortable au [&hellip;]","og_url":"http:\/\/lamarmotteenbalade.com\/index.php\/41-2\/","og_site_name":"La marmotte en balade","article_modified_time":"2026-02-21T13:16:06+00:00","twitter_card":"summary_large_image","twitter_misc":{"Dur\u00e9e de lecture estim\u00e9e":"7 minutes"},"schema":{"@context":"https:\/\/schema.org","@graph":[{"@type":"WebPage","@id":"http:\/\/lamarmotteenbalade.com\/index.php\/41-2\/","url":"http:\/\/lamarmotteenbalade.com\/index.php\/41-2\/","name":"Itin\u00e9rance - La marmotte en balade","isPartOf":{"@id":"https:\/\/lamarmotteenbalade.com\/#website"},"datePublished":"2024-09-30T09:52:46+00:00","dateModified":"2026-02-21T13:16:06+00:00","breadcrumb":{"@id":"http:\/\/lamarmotteenbalade.com\/index.php\/41-2\/#breadcrumb"},"inLanguage":"fr-FR","potentialAction":[{"@type":"ReadAction","target":["http:\/\/lamarmotteenbalade.com\/index.php\/41-2\/"]}]},{"@type":"BreadcrumbList","@id":"http:\/\/lamarmotteenbalade.com\/index.php\/41-2\/#breadcrumb","itemListElement":[{"@type":"ListItem","position":1,"name":"Accueil","item":"https:\/\/lamarmotteenbalade.com\/"},{"@type":"ListItem","position":2,"name":"Itin\u00e9rance"}]},{"@type":"WebSite","@id":"https:\/\/lamarmotteenbalade.com\/#website","url":"https:\/\/lamarmotteenbalade.com\/","name":"La marmotte en balade","description":"En avant !","potentialAction":[{"@type":"SearchAction","target":{"@type":"EntryPoint","urlTemplate":"https:\/\/lamarmotteenbalade.com\/?s={search_term_string}"},"query-input":{"@type":"PropertyValueSpecification","valueRequired":true,"valueName":"search_term_string"}}],"inLanguage":"fr-FR"}]}},"_links":{"self":[{"href":"https:\/\/lamarmotteenbalade.com\/index.php\/wp-json\/wp\/v2\/pages\/41","targetHints":{"allow":["GET"]}}],"collection":[{"href":"https:\/\/lamarmotteenbalade.com\/index.php\/wp-json\/wp\/v2\/pages"}],"about":[{"href":"https:\/\/lamarmotteenbalade.com\/index.php\/wp-json\/wp\/v2\/types\/page"}],"author":[{"embeddable":true,"href":"https:\/\/lamarmotteenbalade.com\/index.php\/wp-json\/wp\/v2\/users\/1"}],"replies":[{"embeddable":true,"href":"https:\/\/lamarmotteenbalade.com\/index.php\/wp-json\/wp\/v2\/comments?post=41"}],"version-history":[{"count":26,"href":"https:\/\/lamarmotteenbalade.com\/index.php\/wp-json\/wp\/v2\/pages\/41\/revisions"}],"predecessor-version":[{"id":696,"href":"https:\/\/lamarmotteenbalade.com\/index.php\/wp-json\/wp\/v2\/pages\/41\/revisions\/696"}],"wp:attachment":[{"href":"https:\/\/lamarmotteenbalade.com\/index.php\/wp-json\/wp\/v2\/media?parent=41"}],"curies":[{"name":"wp","href":"https:\/\/api.w.org\/{rel}","templated":true}]}}